{"id":219,"date":"2025-05-27T07:49:33","date_gmt":"2025-05-27T07:49:33","guid":{"rendered":"https:\/\/gostilnarekar.si\/de\/?page_id=219"},"modified":"2025-06-19T19:02:40","modified_gmt":"2025-06-19T19:02:40","slug":"menus-auf-tellern","status":"publish","type":"page","link":"https:\/\/gostilnarekar.si\/de\/menus-auf-tellern\/","title":{"rendered":"Men\u00fcs auf Tellern"},"content":{"rendered":"<p>[et_pb_section fb_built=&#8221;1&#8243; _builder_version=&#8221;4.27.4&#8243; _module_preset=&#8221;default&#8221; global_colors_info=&#8221;{}&#8221;][et_pb_row _builder_version=&#8221;4.27.4&#8243; _module_preset=&#8221;default&#8221; global_colors_info=&#8221;{}&#8221;][et_pb_column type=&#8221;4_4&#8243; _builder_version=&#8221;4.27.4&#8243; _module_preset=&#8221;default&#8221; global_colors_info=&#8221;{}&#8221;][et_pb_text _builder_version=&#8221;4.27.4&#8243; _module_preset=&#8221;default&#8221; header_font=&#8221;|800|||||||&#8221; header_2_font=&#8221;|800|||||||&#8221; hover_enabled=&#8221;0&#8243; global_colors_info=&#8221;{}&#8221; sticky_enabled=&#8221;0&#8243;]<\/p>\n<h3 data-start=\"80\" data-end=\"105\"><strong data-start=\"84\" data-end=\"105\">MEN\u00dcS AUF TELLERN<\/strong><\/h3>\n<h4 data-start=\"107\" data-end=\"145\"><strong data-start=\"112\" data-end=\"135\">Basis-Men\u00fc (Teller)<\/strong> \u2013 16,60 \u20ac<\/h4>\n<p data-start=\"147\" data-end=\"215\"><strong data-start=\"147\" data-end=\"157\">SUPPEN<\/strong><br data-start=\"157\" data-end=\"160\" \/>Champignon- oder Rindssuppe, serviert in Suppenterrinen<\/p>\n<p data-start=\"217\" data-end=\"285\"><strong data-start=\"217\" data-end=\"234\">HAUPTGERICHTE<\/strong><br data-start=\"234\" data-end=\"237\" \/>Wiener H\u00e4hnchenfilet, gebratene Schweinerippchen<\/p>\n<p data-start=\"287\" data-end=\"364\"><strong data-start=\"287\" data-end=\"299\">BEILAGEN<\/strong><br data-start=\"299\" data-end=\"302\" \/>Gebratene Kartoffeln, gekochtes Gem\u00fcse, hausgemachte Kroketten<\/p>\n<p data-start=\"366\" data-end=\"395\"><strong data-start=\"366\" data-end=\"376\">SALATE<\/strong><br data-start=\"376\" data-end=\"379\" \/>Gemischter Salat<\/p>\n<hr data-start=\"397\" data-end=\"400\" \/>\n<h4 data-start=\"402\" data-end=\"445\"><strong data-start=\"407\" data-end=\"435\">Festliches Men\u00fc (Teller)<\/strong> \u2013 26,90 \u20ac<\/h4>\n<p data-start=\"447\" data-end=\"515\"><strong data-start=\"447\" data-end=\"457\">SUPPEN<\/strong><br data-start=\"457\" data-end=\"460\" \/>Champignon- oder Rindssuppe, serviert in Suppenterrinen<\/p>\n<p data-start=\"517\" data-end=\"701\"><strong data-start=\"517\" data-end=\"534\">HAUPTGERICHTE<\/strong><br data-start=\"534\" data-end=\"537\" \/>Gef\u00fcllte H\u00e4hnchenroulade mit Steinpilzen und Ei, serviert mit Tr\u00fcffelsauce<br data-start=\"611\" data-end=\"614\" \/>Wiener Schweinefilet mit Mandeln<br data-start=\"646\" data-end=\"649\" \/>Hirschmedaillon mit Sauerkirschen oder nach J\u00e4gerart<\/p>\n<p data-start=\"703\" data-end=\"775\"><strong data-start=\"703\" data-end=\"715\">BEILAGEN<\/strong><br data-start=\"715\" data-end=\"718\" \/>Ofenkartoffeln, hausgemachter Quarkstrudel, Gem\u00fcse-Quiche<\/p>\n<p data-start=\"777\" data-end=\"806\"><strong data-start=\"777\" data-end=\"787\">SALATE<\/strong><br data-start=\"787\" data-end=\"790\" \/>Gemischter Salat<\/p>\n<hr data-start=\"808\" data-end=\"811\" \/>\n<h4 data-start=\"813\" data-end=\"848\"><strong data-start=\"818\" data-end=\"848\">ZUS\u00c4TZLICH BEI ALLEN MEN\u00dcS<\/strong><\/h4>\n<ul data-start=\"850\" data-end=\"1015\">\n<li data-start=\"850\" data-end=\"919\">\n<p data-start=\"852\" data-end=\"919\">Eigene Torte \u2013 Anschnitt und Nutzung des Inventars: <strong data-start=\"904\" data-end=\"917\">1 \u20ac\/St\u00fcck<\/strong><\/p>\n<\/li>\n<li data-start=\"920\" data-end=\"965\">\n<p data-start=\"922\" data-end=\"965\">Servieren eigener Aperitifs: <strong data-start=\"951\" data-end=\"963\">1 \u20ac\/Glas<\/strong><\/p>\n<\/li>\n<li data-start=\"966\" data-end=\"1015\">\n<p data-start=\"968\" data-end=\"1015\">Einzelportion-Dessertt\u00f6rtchen: <strong data-start=\"999\" data-end=\"1015\">4,20 \u20ac\/St\u00fcck<\/strong><\/p>\n<\/li>\n<\/ul>\n<p>[\/et_pb_text][\/et_pb_column][\/et_pb_row][\/et_pb_section]<\/p>\n","protected":false},"excerpt":{"rendered":"<p>MEN\u00dcS AUF TELLERN Basis-Men\u00fc (Teller) \u2013 16,60 \u20ac SUPPENChampignon- oder Rindssuppe, serviert in Suppenterrinen HAUPTGERICHTEWiener H\u00e4hnchenfilet, gebratene Schweinerippchen BEILAGENGebratene Kartoffeln, gekochtes Gem\u00fcse, hausgemachte Kroketten SALATEGemischter Salat Festliches Men\u00fc (Teller) \u2013 26,90 \u20ac SUPPENChampignon- oder Rindssuppe, serviert in Suppenterrinen HAUPTGERICHTEGef\u00fcllte H\u00e4hnchenroulade mit Steinpilzen und Ei, serviert mit Tr\u00fcffelsauceWiener Schweinefilet mit MandelnHirschmedaillon mit Sauerkirschen oder nach J\u00e4gerart [&hellip;]<\/p>\n","protected":false},"author":1,"featured_media":185,"parent":0,"menu_order":0,"comment_status":"closed","ping_status":"closed","template":"","meta":{"_et_pb_use_builder":"on","_et_pb_old_content":"","_et_gb_content_width":"","footnotes":""},"class_list":["post-219","page","type-page","status-publish","has-post-thumbnail","hentry"],"_links":{"self":[{"href":"https:\/\/gostilnarekar.si\/de\/wp-json\/wp\/v2\/pages\/219","targetHints":{"allow":["GET"]}}],"collection":[{"href":"https:\/\/gostilnarekar.si\/de\/wp-json\/wp\/v2\/pages"}],"about":[{"href":"https:\/\/gostilnarekar.si\/de\/wp-json\/wp\/v2\/types\/page"}],"author":[{"embeddable":true,"href":"https:\/\/gostilnarekar.si\/de\/wp-json\/wp\/v2\/users\/1"}],"replies":[{"embeddable":true,"href":"https:\/\/gostilnarekar.si\/de\/wp-json\/wp\/v2\/comments?post=219"}],"version-history":[{"count":8,"href":"https:\/\/gostilnarekar.si\/de\/wp-json\/wp\/v2\/pages\/219\/revisions"}],"predecessor-version":[{"id":350,"href":"https:\/\/gostilnarekar.si\/de\/wp-json\/wp\/v2\/pages\/219\/revisions\/350"}],"wp:featuredmedia":[{"embeddable":true,"href":"https:\/\/gostilnarekar.si\/de\/wp-json\/wp\/v2\/media\/185"}],"wp:attachment":[{"href":"https:\/\/gostilnarekar.si\/de\/wp-json\/wp\/v2\/media?parent=219"}],"curies":[{"name":"wp","href":"https:\/\/api.w.org\/{rel}","templated":true}]}}