{"id":224,"date":"2025-05-27T07:58:11","date_gmt":"2025-05-27T07:58:11","guid":{"rendered":"https:\/\/gostilnarekar.si\/de\/?page_id=224"},"modified":"2025-06-19T19:05:10","modified_gmt":"2025-06-19T19:05:10","slug":"menus-auf-platten","status":"publish","type":"page","link":"https:\/\/gostilnarekar.si\/de\/menus-auf-platten\/","title":{"rendered":"Men\u00fcs auf Platten"},"content":{"rendered":"<p>[et_pb_section fb_built=&#8221;1&#8243; _builder_version=&#8221;4.27.4&#8243; _module_preset=&#8221;default&#8221; global_colors_info=&#8221;{}&#8221;][et_pb_row _builder_version=&#8221;4.27.4&#8243; _module_preset=&#8221;default&#8221; global_colors_info=&#8221;{}&#8221;][et_pb_column type=&#8221;4_4&#8243; _builder_version=&#8221;4.27.4&#8243; _module_preset=&#8221;default&#8221; global_colors_info=&#8221;{}&#8221;][et_pb_text _builder_version=&#8221;4.27.4&#8243; _module_preset=&#8221;default&#8221; header_font=&#8221;|800|||||||&#8221; header_2_font=&#8221;|800|||||||&#8221; hover_enabled=&#8221;0&#8243; global_colors_info=&#8221;{}&#8221; sticky_enabled=&#8221;0&#8243;]<\/p>\n<h3 data-start=\"86\" data-end=\"111\"><strong data-start=\"90\" data-end=\"111\">MEN\u00dcS AUF PLATTEN<\/strong><\/h3>\n<h4 data-start=\"113\" data-end=\"152\"><strong data-start=\"118\" data-end=\"142\">Basis-Men\u00fc (Platten)<\/strong> \u2013 18,90 \u20ac<\/h4>\n<p data-start=\"154\" data-end=\"210\"><strong data-start=\"154\" data-end=\"164\">SUPPEN<\/strong><br data-start=\"164\" data-end=\"167\" \/>Suppe nach Wahl, serviert in Suppenterrinen<\/p>\n<p data-start=\"212\" data-end=\"349\"><strong data-start=\"212\" data-end=\"229\">HAUPTGERICHTE<\/strong><br data-start=\"229\" data-end=\"232\" \/>Gebratene Schweinerippchen, H\u00e4hnchenroulade gef\u00fcllt mit K\u00e4se und Speck in Sauce Hollandaise, Wiener H\u00e4hnchenschnitzel<\/p>\n<p data-start=\"351\" data-end=\"436\"><strong data-start=\"351\" data-end=\"363\">BEILAGEN<\/strong><br data-start=\"363\" data-end=\"366\" \/>Pommes frites, gebratene Kartoffeln, Reis mit Erbsen, gekochtes Gem\u00fcse<\/p>\n<p data-start=\"438\" data-end=\"467\"><strong data-start=\"438\" data-end=\"448\">SALATE<\/strong><br data-start=\"448\" data-end=\"451\" \/>Gemischter Salat<\/p>\n<hr data-start=\"469\" data-end=\"472\" \/>\n<h4 data-start=\"474\" data-end=\"516\"><strong data-start=\"479\" data-end=\"506\">\u201eOrehek\u201c-Men\u00fc (Platten)<\/strong> \u2013 21,90 \u20ac<\/h4>\n<p data-start=\"518\" data-end=\"574\"><strong data-start=\"518\" data-end=\"528\">SUPPEN<\/strong><br data-start=\"528\" data-end=\"531\" \/>Suppe nach Wahl, serviert in Suppenterrinen<\/p>\n<p data-start=\"576\" data-end=\"760\"><strong data-start=\"576\" data-end=\"593\">HAUPTGERICHTE<\/strong><br data-start=\"593\" data-end=\"596\" \/>Gebratene Schweinerippchen, paniertes H\u00e4hnchen oder Wiener H\u00e4hnchenfilet, H\u00e4hnchenroulade gef\u00fcllt mit K\u00e4se und Speck in Sauce Hollandaise, Pariser Schweineschnitzel<\/p>\n<p data-start=\"762\" data-end=\"884\"><strong data-start=\"762\" data-end=\"774\">BEILAGEN<\/strong><br data-start=\"774\" data-end=\"777\" \/>Gebratene Kartoffeln, gekochtes Gem\u00fcse, hausgemachte Quarkstrudel, Pommes frites, hausgemachte Semmelkn\u00f6del<\/p>\n<p data-start=\"886\" data-end=\"915\"><strong data-start=\"886\" data-end=\"896\">SALATE<\/strong><br data-start=\"896\" data-end=\"899\" \/>Gemischter Salat<\/p>\n<hr data-start=\"917\" data-end=\"920\" \/>\n<h4 data-start=\"922\" data-end=\"963\"><strong data-start=\"927\" data-end=\"953\">\u201eRekar\u201c-Men\u00fc (Platten)<\/strong> \u2013 23,90 \u20ac<\/h4>\n<p data-start=\"965\" data-end=\"1021\"><strong data-start=\"965\" data-end=\"975\">SUPPEN<\/strong><br data-start=\"975\" data-end=\"978\" \/>Suppe nach Wahl, serviert in Suppenterrinen<\/p>\n<p data-start=\"1023\" data-end=\"1211\"><strong data-start=\"1023\" data-end=\"1040\">HAUPTGERICHTE<\/strong><br data-start=\"1040\" data-end=\"1043\" \/>H\u00e4hnchenfilet mit Mandeln paniert, Schweinefilet mit Pfeffersauce, Kalbsschnitzel \u201eRekar\u201c oder Kalbshaxe, H\u00e4hnchenroulade gef\u00fcllt mit Steinpilzen und Ei in Tr\u00fcffelsauce<\/p>\n<p data-start=\"1213\" data-end=\"1342\"><strong data-start=\"1213\" data-end=\"1225\">BEILAGEN<\/strong><br data-start=\"1225\" data-end=\"1228\" \/>Gegrilltes Gem\u00fcse, Gem\u00fcse-Cannelloni, hausgemachte Quarkstrudel, Ofenkartoffeln, frittierter Blumenkohl mit Kernen<\/p>\n<p data-start=\"1344\" data-end=\"1373\"><strong data-start=\"1344\" data-end=\"1354\">SALATE<\/strong><br data-start=\"1354\" data-end=\"1357\" \/>Gemischter Salat<\/p>\n<hr data-start=\"1375\" data-end=\"1378\" \/>\n<h4 data-start=\"1380\" data-end=\"1421\"><strong data-start=\"1385\" data-end=\"1411\">Premium-Men\u00fc (Platten)<\/strong> \u2013 36,00 \u20ac<\/h4>\n<p data-start=\"1423\" data-end=\"1456\"><strong data-start=\"1423\" data-end=\"1436\">VORSPEISE<\/strong><br data-start=\"1436\" data-end=\"1439\" \/>Nach Vereinbarung<\/p>\n<p data-start=\"1458\" data-end=\"1514\"><strong data-start=\"1458\" data-end=\"1468\">SUPPEN<\/strong><br data-start=\"1468\" data-end=\"1471\" \/>Suppe nach Wahl, serviert in Suppenterrinen<\/p>\n<p data-start=\"1516\" data-end=\"1716\"><strong data-start=\"1516\" data-end=\"1533\">HAUPTGERICHTE<\/strong><br data-start=\"1533\" data-end=\"1536\" \/>H\u00e4hnchenroulade mit Steinpilzen und Ei in Tr\u00fcffelsauce, Premium Black Angus Tagliata mit Parmesan, Schweinefilet mit Pfeffersauce, pikantes H\u00e4hnchen mit Gem\u00fcse im Bl\u00e4tterteigbeutel<\/p>\n<p data-start=\"1718\" data-end=\"1843\"><strong data-start=\"1718\" data-end=\"1730\">BEILAGEN<\/strong><br data-start=\"1730\" data-end=\"1733\" \/>Gegrilltes Gem\u00fcse, frittierter Blumenkohl mit Kernen, hausgemachte Quarkstrudel, Ofenkartoffeln, Gem\u00fcse-Quiche<\/p>\n<p data-start=\"1845\" data-end=\"1874\"><strong data-start=\"1845\" data-end=\"1855\">SALATE<\/strong><br data-start=\"1855\" data-end=\"1858\" \/>Gemischter Salat<\/p>\n<hr data-start=\"1876\" data-end=\"1879\" \/>\n<h4 data-start=\"1881\" data-end=\"1920\"><strong data-start=\"1886\" data-end=\"1910\">Fisch-Men\u00fc (Platten)<\/strong> \u2013 24,90 \u20ac<\/h4>\n<p data-start=\"1922\" data-end=\"1978\"><strong data-start=\"1922\" data-end=\"1932\">SUPPEN<\/strong><br data-start=\"1932\" data-end=\"1935\" \/>Suppe nach Wahl, serviert in Suppenterrinen<\/p>\n<p data-start=\"1980\" data-end=\"2180\"><strong data-start=\"1980\" data-end=\"1997\">HAUPTGERICHTE<\/strong><br data-start=\"1997\" data-end=\"2000\" \/>Gegrilltes Lachsfilet, im Ofen gebackenes Rotbarbenfilet in Maiskruste mit Garnelen-Hollandaise, gegrilltes Forellenfilet, gegrillte und frittierte Tintenfische, gegrillte Garnelen<\/p>\n<p data-start=\"2182\" data-end=\"2273\"><strong data-start=\"2182\" data-end=\"2194\">BEILAGEN<\/strong><br data-start=\"2194\" data-end=\"2197\" \/>Ofenkartoffeln, gegrilltes Gem\u00fcse, Sauce Tartare und Sauce nach Triester Art<\/p>\n<p data-start=\"2275\" data-end=\"2304\"><strong data-start=\"2275\" data-end=\"2285\">SALATE<\/strong><br data-start=\"2285\" data-end=\"2288\" \/>Gemischter Salat<\/p>\n<hr data-start=\"2306\" data-end=\"2309\" \/>\n<h4 data-start=\"2311\" data-end=\"2346\"><strong data-start=\"2316\" data-end=\"2346\">ZUS\u00c4TZLICH BEI ALLEN MEN\u00dcS<\/strong><\/h4>\n<ul data-start=\"2348\" data-end=\"2525\">\n<li data-start=\"2348\" data-end=\"2421\">\n<p data-start=\"2350\" data-end=\"2421\"><strong data-start=\"2350\" data-end=\"2366\">Eigene Torte<\/strong> \u2013 Anschnitt und Nutzung des Inventars: <strong data-start=\"2406\" data-end=\"2419\">1 \u20ac\/St\u00fcck<\/strong><\/p>\n<\/li>\n<li data-start=\"2422\" data-end=\"2471\">\n<p data-start=\"2424\" data-end=\"2471\"><strong data-start=\"2424\" data-end=\"2455\">Servieren eigener Aperitifs<\/strong>: <strong data-start=\"2457\" data-end=\"2469\">1 \u20ac\/Glas<\/strong><\/p>\n<\/li>\n<li data-start=\"2472\" data-end=\"2525\">\n<p data-start=\"2474\" data-end=\"2525\"><strong data-start=\"2474\" data-end=\"2507\">Einzelportion-Dessertt\u00f6rtchen<\/strong>: <strong data-start=\"2509\" data-end=\"2525\">4,20 \u20ac\/St\u00fcck<\/strong><\/p>\n<\/li>\n<\/ul>\n<p>[\/et_pb_text][\/et_pb_column][\/et_pb_row][\/et_pb_section]<\/p>\n","protected":false},"excerpt":{"rendered":"<p>MEN\u00dcS AUF PLATTEN Basis-Men\u00fc (Platten) \u2013 18,90 \u20ac SUPPENSuppe nach Wahl, serviert in Suppenterrinen HAUPTGERICHTEGebratene Schweinerippchen, H\u00e4hnchenroulade gef\u00fcllt mit K\u00e4se und Speck in Sauce Hollandaise, Wiener H\u00e4hnchenschnitzel BEILAGENPommes frites, gebratene Kartoffeln, Reis mit Erbsen, gekochtes Gem\u00fcse SALATEGemischter Salat \u201eOrehek\u201c-Men\u00fc (Platten) \u2013 21,90 \u20ac SUPPENSuppe nach Wahl, serviert in Suppenterrinen HAUPTGERICHTEGebratene Schweinerippchen, paniertes H\u00e4hnchen oder Wiener [&hellip;]<\/p>\n","protected":false},"author":1,"featured_media":193,"parent":0,"menu_order":0,"comment_status":"closed","ping_status":"closed","template":"","meta":{"_et_pb_use_builder":"on","_et_pb_old_content":"","_et_gb_content_width":"","footnotes":""},"class_list":["post-224","page","type-page","status-publish","has-post-thumbnail","hentry"],"_links":{"self":[{"href":"https:\/\/gostilnarekar.si\/de\/wp-json\/wp\/v2\/pages\/224","targetHints":{"allow":["GET"]}}],"collection":[{"href":"https:\/\/gostilnarekar.si\/de\/wp-json\/wp\/v2\/pages"}],"about":[{"href":"https:\/\/gostilnarekar.si\/de\/wp-json\/wp\/v2\/types\/page"}],"author":[{"embeddable":true,"href":"https:\/\/gostilnarekar.si\/de\/wp-json\/wp\/v2\/users\/1"}],"replies":[{"embeddable":true,"href":"https:\/\/gostilnarekar.si\/de\/wp-json\/wp\/v2\/comments?post=224"}],"version-history":[{"count":7,"href":"https:\/\/gostilnarekar.si\/de\/wp-json\/wp\/v2\/pages\/224\/revisions"}],"predecessor-version":[{"id":352,"href":"https:\/\/gostilnarekar.si\/de\/wp-json\/wp\/v2\/pages\/224\/revisions\/352"}],"wp:featuredmedia":[{"embeddable":true,"href":"https:\/\/gostilnarekar.si\/de\/wp-json\/wp\/v2\/media\/193"}],"wp:attachment":[{"href":"https:\/\/gostilnarekar.si\/de\/wp-json\/wp\/v2\/media?parent=224"}],"curies":[{"name":"wp","href":"https:\/\/api.w.org\/{rel}","templated":true}]}}