{"id":248,"date":"2025-06-04T11:40:16","date_gmt":"2025-06-04T11:40:16","guid":{"rendered":"https:\/\/gostilnarekar.si\/de\/?page_id=248"},"modified":"2025-06-19T19:08:17","modified_gmt":"2025-06-19T19:08:17","slug":"warmes-catering-menu","status":"publish","type":"page","link":"https:\/\/gostilnarekar.si\/de\/warmes-catering-menu\/","title":{"rendered":"Warmes Catering-Men\u00fc"},"content":{"rendered":"<p>[et_pb_section fb_built=&#8221;1&#8243; _builder_version=&#8221;4.27.4&#8243; _module_preset=&#8221;default&#8221; global_colors_info=&#8221;{}&#8221;][et_pb_row _builder_version=&#8221;4.27.4&#8243; _module_preset=&#8221;default&#8221; global_colors_info=&#8221;{}&#8221;][et_pb_column type=&#8221;4_4&#8243; _builder_version=&#8221;4.27.4&#8243; _module_preset=&#8221;default&#8221; global_colors_info=&#8221;{}&#8221;][et_pb_text _builder_version=&#8221;4.27.4&#8243; _module_preset=&#8221;default&#8221; header_font=&#8221;|800|||||||&#8221; header_font_size=&#8221;37px&#8221; header_2_font=&#8221;|800|||||||&#8221; header_2_font_size=&#8221;30px&#8221; hover_enabled=&#8221;0&#8243; global_colors_info=&#8221;{}&#8221; sticky_enabled=&#8221;0&#8243;]<\/p>\n<h3 data-start=\"62\" data-end=\"92\"><strong data-start=\"66\" data-end=\"90\">Warmes Catering-Men\u00fc<\/strong><\/h3>\n<p data-start=\"93\" data-end=\"115\"><strong data-start=\"93\" data-end=\"115\">22,90 EUR \/ Person<\/strong><\/p>\n<ul data-start=\"117\" data-end=\"555\">\n<li data-start=\"117\" data-end=\"175\">\n<p data-start=\"119\" data-end=\"175\">H\u00fchnerroulade gef\u00fcllt mit Steinpilzen, in Tr\u00fcffelsauce<\/p>\n<\/li>\n<li data-start=\"176\" data-end=\"198\">\n<p data-start=\"178\" data-end=\"198\">Wiener H\u00fchnerfilet<\/p>\n<\/li>\n<li data-start=\"199\" data-end=\"223\">\n<p data-start=\"201\" data-end=\"223\">BBQ-Schweinerippchen<\/p>\n<\/li>\n<li data-start=\"224\" data-end=\"257\">\n<p data-start=\"226\" data-end=\"257\">Schweinsfilet in Pfeffersauce<\/p>\n<\/li>\n<li data-start=\"258\" data-end=\"306\">\n<p data-start=\"260\" data-end=\"306\">Veganer Buchweizen mit Steinpilzen und Lauch<\/p>\n<\/li>\n<li data-start=\"307\" data-end=\"359\">\n<p data-start=\"309\" data-end=\"359\">Hausgemachte K\u00e4se-\u0160truklji (gekochte K\u00e4senocken)<\/p>\n<\/li>\n<li data-start=\"360\" data-end=\"398\">\n<p data-start=\"362\" data-end=\"398\">Gekochtes Gem\u00fcse mit Semmelbr\u00f6seln<\/p>\n<\/li>\n<li data-start=\"399\" data-end=\"423\">\n<p data-start=\"401\" data-end=\"423\">Gebratene Kartoffeln<\/p>\n<\/li>\n<li data-start=\"424\" data-end=\"442\">\n<p data-start=\"426\" data-end=\"442\">Ofenkartoffeln<\/p>\n<\/li>\n<li data-start=\"443\" data-end=\"491\">\n<p data-start=\"445\" data-end=\"491\">Gebackener Blumenkohl und Brokkoli mit Samen<\/p>\n<\/li>\n<li data-start=\"492\" data-end=\"532\">\n<p data-start=\"494\" data-end=\"532\">Coleslaw (amerikanischer Krautsalat)<\/p>\n<\/li>\n<li data-start=\"533\" data-end=\"555\">\n<p data-start=\"535\" data-end=\"555\">Griechischer Salat<\/p>\n<\/li>\n<\/ul>\n<p data-start=\"557\" data-end=\"732\">Das Men\u00fc kann frei an die W\u00fcnsche des Kunden angepasst werden, da jede Veranstaltung einzigartig ist \u2013 ebenso wie die Auswahl der Speisen und der gew\u00fcnschten Dienstleistungen.<\/p>\n<p>[\/et_pb_text][\/et_pb_column][\/et_pb_row][\/et_pb_section]<\/p>\n","protected":false},"excerpt":{"rendered":"<p>Warmes Catering-Men\u00fc 22,90 EUR \/ Person H\u00fchnerroulade gef\u00fcllt mit Steinpilzen, in Tr\u00fcffelsauce Wiener H\u00fchnerfilet BBQ-Schweinerippchen Schweinsfilet in Pfeffersauce Veganer Buchweizen mit Steinpilzen und Lauch Hausgemachte K\u00e4se-\u0160truklji (gekochte K\u00e4senocken) Gekochtes Gem\u00fcse mit Semmelbr\u00f6seln Gebratene Kartoffeln Ofenkartoffeln Gebackener Blumenkohl und Brokkoli mit Samen Coleslaw (amerikanischer Krautsalat) Griechischer Salat Das Men\u00fc kann frei an die W\u00fcnsche des Kunden [&hellip;]<\/p>\n","protected":false},"author":1,"featured_media":197,"parent":0,"menu_order":0,"comment_status":"closed","ping_status":"closed","template":"","meta":{"_et_pb_use_builder":"on","_et_pb_old_content":"","_et_gb_content_width":"","footnotes":""},"class_list":["post-248","page","type-page","status-publish","has-post-thumbnail","hentry"],"_links":{"self":[{"href":"https:\/\/gostilnarekar.si\/de\/wp-json\/wp\/v2\/pages\/248","targetHints":{"allow":["GET"]}}],"collection":[{"href":"https:\/\/gostilnarekar.si\/de\/wp-json\/wp\/v2\/pages"}],"about":[{"href":"https:\/\/gostilnarekar.si\/de\/wp-json\/wp\/v2\/types\/page"}],"author":[{"embeddable":true,"href":"https:\/\/gostilnarekar.si\/de\/wp-json\/wp\/v2\/users\/1"}],"replies":[{"embeddable":true,"href":"https:\/\/gostilnarekar.si\/de\/wp-json\/wp\/v2\/comments?post=248"}],"version-history":[{"count":8,"href":"https:\/\/gostilnarekar.si\/de\/wp-json\/wp\/v2\/pages\/248\/revisions"}],"predecessor-version":[{"id":354,"href":"https:\/\/gostilnarekar.si\/de\/wp-json\/wp\/v2\/pages\/248\/revisions\/354"}],"wp:featuredmedia":[{"embeddable":true,"href":"https:\/\/gostilnarekar.si\/de\/wp-json\/wp\/v2\/media\/197"}],"wp:attachment":[{"href":"https:\/\/gostilnarekar.si\/de\/wp-json\/wp\/v2\/media?parent=248"}],"curies":[{"name":"wp","href":"https:\/\/api.w.org\/{rel}","templated":true}]}}