{"id":263,"date":"2025-06-11T06:58:45","date_gmt":"2025-06-11T06:58:45","guid":{"rendered":"https:\/\/gostilnarekar.si\/de\/?page_id=263"},"modified":"2025-06-18T09:16:51","modified_gmt":"2025-06-18T09:16:51","slug":"gasthaus","status":"publish","type":"page","link":"https:\/\/gostilnarekar.si\/de\/gasthaus\/","title":{"rendered":"Gasthaus"},"content":{"rendered":"<p>[et_pb_section fb_built=&#8221;1&#8243; fullwidth=&#8221;on&#8221; disabled_on=&#8221;off|off|off&#8221; admin_label=&#8221;Hero&#8221; _builder_version=&#8221;4.16&#8243; background_color=&#8221;#1f1f1f&#8221; parallax=&#8221;on&#8221; custom_padding=&#8221;|||&#8221; transparent_background=&#8221;on&#8221; global_colors_info=&#8221;{}&#8221;][et_pb_fullwidth_header title=&#8221;Gasthaus&#8221; text_orientation=&#8221;center&#8221; background_overlay_color=&#8221;rgba(31,31,31,0.85)&#8221; subhead_font_color=&#8221;#bebebe&#8221; _builder_version=&#8221;4.27.4&#8243; title_font=&#8221;|300||on|||||&#8221; title_text_color=&#8221;#ffffff&#8221; title_font_size=&#8221;65px&#8221; title_line_height=&#8221;1.3em&#8221; content_font=&#8221;Montserrat|300|||||||&#8221; content_text_color=&#8221;#bfbfbf&#8221; content_font_size=&#8221;19px&#8221; content_line_height=&#8221;1.8em&#8221; subhead_font=&#8221;Montserrat||||&#8221; subhead_text_color=&#8221;#bebebe&#8221; subhead_line_height=&#8221;1.8em&#8221; background_color=&#8221;rgba(255, 255, 255, 0)&#8221; background_image=&#8221;https:\/\/gostilnarekar.si\/de\/wp-content\/uploads\/2025\/03\/restaurant-hero-03.jpg&#8221; parallax=&#8221;on&#8221; parallax_method=&#8221;on&#8221; custom_padding=&#8221;5%||5%|&#8221; animation_style=&#8221;zoom&#8221; animation_duration=&#8221;1500ms&#8221; animation_intensity_zoom=&#8221;4%&#8221; hover_enabled=&#8221;0&#8243; title_line_height_last_edited=&#8221;off|desktop&#8221; global_colors_info=&#8221;{}&#8221; button_one_text_size__hover_enabled=&#8221;off&#8221; button_two_text_size__hover_enabled=&#8221;off&#8221; button_one_text_color__hover_enabled=&#8221;off&#8221; button_two_text_color__hover_enabled=&#8221;off&#8221; button_one_border_width__hover_enabled=&#8221;off&#8221; button_two_border_width__hover_enabled=&#8221;off&#8221; button_one_border_color__hover_enabled=&#8221;off&#8221; button_two_border_color__hover_enabled=&#8221;off&#8221; button_one_border_radius__hover_enabled=&#8221;off&#8221; button_two_border_radius__hover_enabled=&#8221;off&#8221; button_one_letter_spacing__hover_enabled=&#8221;off&#8221; button_two_letter_spacing__hover_enabled=&#8221;off&#8221; button_one_bg_color__hover_enabled=&#8221;off&#8221; button_two_bg_color__hover_enabled=&#8221;off&#8221; sticky_enabled=&#8221;0&#8243;]<\/p>\n<p>Ausgezeichnete Hausmannskost und herzlicher Service \u2013 seit 1958.<\/p>\n<p>[\/et_pb_fullwidth_header][\/et_pb_section][et_pb_section fb_built=&#8221;1&#8243; admin_label=&#8221;Our Story&#8221; _builder_version=&#8221;4.16&#8243; background_color=&#8221;#ffffff&#8221; background_position=&#8221;top_left&#8221; custom_padding=&#8221;67px|0px|100px|0px||&#8221; collapsed=&#8221;off&#8221; global_colors_info=&#8221;{}&#8221;][et_pb_row column_structure=&#8221;1_2,1_2&#8243; _builder_version=&#8221;4.27.4&#8243; background_size=&#8221;initial&#8221; background_position=&#8221;top_left&#8221; background_repeat=&#8221;repeat&#8221; width=&#8221;90%&#8221; max_width=&#8221;1500px&#8221; custom_margin=&#8221;|||&#8221; custom_padding=&#8221;|||&#8221; global_colors_info=&#8221;{}&#8221;][et_pb_column type=&#8221;1_2&#8243; _builder_version=&#8221;4.16&#8243; background_position=&#8221;top_left&#8221; custom_padding=&#8221;|||&#8221; global_colors_info=&#8221;{}&#8221; custom_padding__hover=&#8221;|||&#8221;][et_pb_image src=&#8221;https:\/\/gostilnarekar.si\/de\/wp-content\/uploads\/2025\/06\/Rekar-gostilna3.jpg&#8221; title_text=&#8221;Rekar gostilna3&#8243; _builder_version=&#8221;4.27.4&#8243; animation_style=&#8221;slide&#8221; animation_direction=&#8221;right&#8221; animation_intensity_slide=&#8221;10%&#8221; always_center_on_mobile=&#8221;off&#8221; global_colors_info=&#8221;{}&#8221;][\/et_pb_image][\/et_pb_column][et_pb_column type=&#8221;1_2&#8243; _builder_version=&#8221;4.16&#8243; background_position=&#8221;top_left&#8221; custom_padding=&#8221;60px|||&#8221; global_colors_info=&#8221;{}&#8221; custom_padding__hover=&#8221;|||&#8221;][et_pb_text disabled_on=&#8221;on|on|off&#8221; _builder_version=&#8221;4.27.4&#8243; text_font=&#8221;||||||||&#8221; header_font=&#8221;||||||||&#8221; header_2_font=&#8221;|300||on|||||&#8221; header_2_font_size=&#8221;48px&#8221; header_2_line_height=&#8221;1.3em&#8221; background_size=&#8221;initial&#8221; background_position=&#8221;top_left&#8221; background_repeat=&#8221;repeat&#8221; custom_margin=&#8221;-45px||16px|||&#8221; hover_enabled=&#8221;0&#8243; global_colors_info=&#8221;{}&#8221; header_font_size__hover=&#8221;30px&#8221; header_font_size__hover_enabled=&#8221;30px&#8221; header_letter_spacing__hover=&#8221;0px&#8221; header_letter_spacing__hover_enabled=&#8221;0px&#8221; header_text_shadow_style__hover=&#8221;none&#8221; header_text_shadow_style__hover_enabled=&#8221;none&#8221; header_text_shadow_color__hover=&#8221;rgba(0,0,0,0.4)&#8221; header_text_shadow_color__hover_enabled=&#8221;rgba(0,0,0,0.4)&#8221; sticky_enabled=&#8221;0&#8243;]<\/p>\n<h2>\u00dcber das Gasthaus<\/h2>\n<p>[\/et_pb_text][et_pb_text _builder_version=&#8221;4.27.4&#8243; text_font=&#8221;||||||||&#8221; text_text_color=&#8221;#535353&#8243; text_line_height=&#8221;1.8em&#8221; header_font=&#8221;||||&#8221; background_size=&#8221;initial&#8221; background_position=&#8221;top_left&#8221; background_repeat=&#8221;repeat&#8221; max_width=&#8221;700px&#8221; custom_margin=&#8221;-14px||8px|||&#8221; animation_style=&#8221;slide&#8221; animation_direction=&#8221;top&#8221; animation_intensity_slide=&#8221;4%&#8221; hover_enabled=&#8221;0&#8243; global_colors_info=&#8221;{}&#8221; sticky_enabled=&#8221;0&#8243;]<\/p>\n<p data-start=\"0\" data-end=\"81\" style=\"text-align: justify;\">Gostilna Rekar \u2013 Traditionelles Zuhause mit Geschmack, das Generationen verbindet<\/p>\n<p data-start=\"83\" data-end=\"456\" style=\"text-align: justify;\">Willkommen in der Gostilna Rekar, wo seit \u00fcber einem halben Jahrhundert echte Gastfreundschaft und hausgemachte Speisen gelebt werden. Seit 1958, als Cilka und Ivan die Grundlagen an unserem heutigen Standort in Duplje in Gorenjska legten, kommen unsere G\u00e4ste zu uns, um mehr zu erleben \u2013 Geschmack, W\u00e4rme und Tradition, die von Generation zu Generation weitergegeben wird.<\/p>\n<p data-start=\"458\" data-end=\"766\" style=\"text-align: justify;\">Heute f\u00fchrt die dritte Generation die Gastst\u00e4tte mit derselben Hingabe, respektiert das Erbe und erg\u00e4nzt es durch moderne Gerichte. Unsere Teller duften weiterhin nach Blutwurst, gebratenem Speck, Kutteln, aber auch nach frischen Meeresfr\u00fcchten, Wild, vegetarischen K\u00f6stlichkeiten und hausgemachten Desserts.<\/p>\n<p data-start=\"768\" data-end=\"954\" style=\"text-align: justify;\">Das Innere der Gastst\u00e4tte bietet Platz f\u00fcr 150 G\u00e4ste, weitere 100 k\u00f6nnen bequem auf der gro\u00dfz\u00fcgigen Au\u00dfenterrasse sitzen \u2013 ideal f\u00fcr Feiern, romantische Mittagessen oder Familientreffen.<\/p>\n<p data-start=\"956\" data-end=\"1221\" style=\"text-align: justify;\">F\u00fcr die Kleinsten gibt es einen Spielplatz, zudem bieten wir Parkpl\u00e4tze, Fahrradst\u00e4nder, barrierefreien Zugang, Ladestationen f\u00fcr E-Bikes und sogar einen Bereich f\u00fcr Busparkpl\u00e4tze \u2013 damit sind wir auch eine hervorragende Wahl f\u00fcr Touristengruppen und Fahrradtouren.<\/p>\n<p data-start=\"1223\" data-end=\"1356\" data-is-last-node=\"\" data-is-only-node=\"\" style=\"text-align: justify;\">Wir arbeiten mit lokalen Lieferanten zusammen, w\u00e4hlen die Zutaten mit Herz aus und schaffen eine Atmosph\u00e4re mit einem echten L\u00e4cheln.<\/p>\n<p>[\/et_pb_text][et_pb_text _builder_version=&#8221;4.27.4&#8243; _module_preset=&#8221;default&#8221; hover_enabled=&#8221;0&#8243; global_colors_info=&#8221;{}&#8221; sticky_enabled=&#8221;0&#8243;]<\/p>\n<p data-start=\"0\" data-end=\"12\" style=\"text-align: center;\">Unser Motto:<\/p>\n<p data-start=\"14\" data-end=\"77\" style=\"text-align: center;\"><em><strong>\u201eAusgezeichnete hausgemachte Speisen und freundlicher Service.\u201c<\/strong><\/em><\/p>\n<p data-start=\"79\" data-end=\"152\" data-is-last-node=\"\" data-is-only-node=\"\" style=\"text-align: center;\">Und genau das leben wir \u2013 jeden Tag, an jedem Tisch und auf jedem Teller.<\/p>\n<p>[\/et_pb_text][\/et_pb_column][\/et_pb_row][et_pb_row _builder_version=&#8221;4.27.4&#8243; _module_preset=&#8221;default&#8221; width=&#8221;90%&#8221; max_width=&#8221;1500px&#8221; custom_margin=&#8221;32px|auto||auto||&#8221; global_colors_info=&#8221;{}&#8221;][et_pb_column type=&#8221;4_4&#8243; _builder_version=&#8221;4.27.4&#8243; _module_preset=&#8221;default&#8221; global_colors_info=&#8221;{}&#8221;][et_pb_gallery gallery_ids=&#8221;302,284,299,300,301,303,304,285&#8243; posts_number=&#8221;20&#8243; _builder_version=&#8221;4.27.4&#8243; _module_preset=&#8221;default&#8221; title_font_size=&#8221;0px&#8221; global_colors_info=&#8221;{}&#8221;][\/et_pb_gallery][\/et_pb_column][\/et_pb_row][\/et_pb_section]<\/p>\n","protected":false},"excerpt":{"rendered":"<p>Ausgezeichnete Hausmannskost und herzlicher Service \u2013 seit 1958.\u00dcber das GasthausGostilna Rekar \u2013 Traditionelles Zuhause mit Geschmack, das Generationen verbindet Willkommen in der Gostilna Rekar, wo seit \u00fcber einem halben Jahrhundert echte Gastfreundschaft und hausgemachte Speisen gelebt werden. Seit 1958, als Cilka und Ivan die Grundlagen an unserem heutigen Standort in Duplje in Gorenjska legten, kommen [&hellip;]<\/p>\n","protected":false},"author":1,"featured_media":214,"parent":0,"menu_order":0,"comment_status":"closed","ping_status":"closed","template":"","meta":{"_et_pb_use_builder":"on","_et_pb_old_content":"","_et_gb_content_width":"","footnotes":""},"class_list":["post-263","page","type-page","status-publish","has-post-thumbnail","hentry"],"_links":{"self":[{"href":"https:\/\/gostilnarekar.si\/de\/wp-json\/wp\/v2\/pages\/263","targetHints":{"allow":["GET"]}}],"collection":[{"href":"https:\/\/gostilnarekar.si\/de\/wp-json\/wp\/v2\/pages"}],"about":[{"href":"https:\/\/gostilnarekar.si\/de\/wp-json\/wp\/v2\/types\/page"}],"author":[{"embeddable":true,"href":"https:\/\/gostilnarekar.si\/de\/wp-json\/wp\/v2\/users\/1"}],"replies":[{"embeddable":true,"href":"https:\/\/gostilnarekar.si\/de\/wp-json\/wp\/v2\/comments?post=263"}],"version-history":[{"count":14,"href":"https:\/\/gostilnarekar.si\/de\/wp-json\/wp\/v2\/pages\/263\/revisions"}],"predecessor-version":[{"id":330,"href":"https:\/\/gostilnarekar.si\/de\/wp-json\/wp\/v2\/pages\/263\/revisions\/330"}],"wp:featuredmedia":[{"embeddable":true,"href":"https:\/\/gostilnarekar.si\/de\/wp-json\/wp\/v2\/media\/214"}],"wp:attachment":[{"href":"https:\/\/gostilnarekar.si\/de\/wp-json\/wp\/v2\/media?parent=263"}],"curies":[{"name":"wp","href":"https:\/\/api.w.org\/{rel}","templated":true}]}}