{"id":37,"date":"2025-03-26T14:33:17","date_gmt":"2025-03-26T14:33:17","guid":{"rendered":"https:\/\/gostilnarekar.si\/de\/?page_id=37"},"modified":"2025-06-18T09:10:10","modified_gmt":"2025-06-18T09:10:10","slug":"uber-uns","status":"publish","type":"page","link":"https:\/\/gostilnarekar.si\/de\/uber-uns\/","title":{"rendered":"\u00dcber uns"},"content":{"rendered":"<p>[et_pb_section fb_built=&#8221;1&#8243; fullwidth=&#8221;on&#8221; disabled_on=&#8221;off|off|off&#8221; admin_label=&#8221;Hero&#8221; _builder_version=&#8221;4.16&#8243; background_color=&#8221;#1f1f1f&#8221; parallax=&#8221;on&#8221; custom_padding=&#8221;|||&#8221; transparent_background=&#8221;on&#8221; global_colors_info=&#8221;{}&#8221;][et_pb_fullwidth_header title=&#8221;\u00dcber uns&#8221; text_orientation=&#8221;center&#8221; background_overlay_color=&#8221;rgba(31,31,31,0.85)&#8221; subhead_font_color=&#8221;#bebebe&#8221; _builder_version=&#8221;4.27.4&#8243; title_font=&#8221;|300||on|||||&#8221; title_text_color=&#8221;#ffffff&#8221; title_font_size=&#8221;50px&#8221; title_line_height=&#8221;1.3em&#8221; content_font=&#8221;|300|||||||&#8221; content_text_color=&#8221;#bfbfbf&#8221; content_line_height=&#8221;1.8em&#8221; subhead_font=&#8221;Montserrat||||&#8221; subhead_text_color=&#8221;#bebebe&#8221; subhead_line_height=&#8221;1.8em&#8221; background_color=&#8221;rgba(255, 255, 255, 0)&#8221; background_image=&#8221;https:\/\/gostilnarekar.si\/de\/wp-content\/uploads\/2025\/03\/restaurant-hero-03.jpg&#8221; parallax=&#8221;on&#8221; parallax_method=&#8221;on&#8221; custom_padding=&#8221;5%||5%|&#8221; animation_style=&#8221;zoom&#8221; animation_duration=&#8221;1500ms&#8221; animation_intensity_zoom=&#8221;4%&#8221; hover_enabled=&#8221;0&#8243; title_line_height_last_edited=&#8221;off|desktop&#8221; global_colors_info=&#8221;{}&#8221; button_one_text_size__hover_enabled=&#8221;off&#8221; button_two_text_size__hover_enabled=&#8221;off&#8221; button_one_text_color__hover_enabled=&#8221;off&#8221; button_two_text_color__hover_enabled=&#8221;off&#8221; button_one_border_width__hover_enabled=&#8221;off&#8221; button_two_border_width__hover_enabled=&#8221;off&#8221; button_one_border_color__hover_enabled=&#8221;off&#8221; button_two_border_color__hover_enabled=&#8221;off&#8221; button_one_border_radius__hover_enabled=&#8221;off&#8221; button_two_border_radius__hover_enabled=&#8221;off&#8221; button_one_letter_spacing__hover_enabled=&#8221;off&#8221; button_two_letter_spacing__hover_enabled=&#8221;off&#8221; button_one_bg_color__hover_enabled=&#8221;off&#8221; button_two_bg_color__hover_enabled=&#8221;off&#8221; sticky_enabled=&#8221;0&#8243;]<\/p>\n<p style=\"text-align: center;\">Wie mein Vater bin auch ich seit meiner Kindheit in der Gastronomie t\u00e4tig. Ich gebe zu, manchmal ist es schwer \u2013 aber wenn ich die Zufriedenheit unserer G\u00e4ste sehe, ist alle M\u00fche vergessen.<\/p>\n<p style=\"text-align: right;\">Nejc Rekar<\/p>\n<p>[\/et_pb_fullwidth_header][\/et_pb_section][et_pb_section fb_built=&#8221;1&#8243; admin_label=&#8221;Our Story&#8221; _builder_version=&#8221;4.16&#8243; background_color=&#8221;#ffffff&#8221; background_position=&#8221;top_left&#8221; custom_padding=&#8221;100px|0px|58px|0px||&#8221; collapsed=&#8221;off&#8221; global_colors_info=&#8221;{}&#8221;][et_pb_row column_structure=&#8221;1_2,1_2&#8243; _builder_version=&#8221;4.27.0&#8243; background_size=&#8221;initial&#8221; background_position=&#8221;top_left&#8221; background_repeat=&#8221;repeat&#8221; width=&#8221;90%&#8221; max_width=&#8221;1500px&#8221; custom_margin=&#8221;|||&#8221; custom_padding=&#8221;4px||5px|||&#8221; global_colors_info=&#8221;{}&#8221;][et_pb_column type=&#8221;1_2&#8243; _builder_version=&#8221;4.16&#8243; background_position=&#8221;top_left&#8221; custom_padding=&#8221;|||&#8221; global_colors_info=&#8221;{}&#8221; custom_padding__hover=&#8221;|||&#8221;][et_pb_image src=&#8221;https:\/\/gostilnarekar.si\/de\/wp-content\/uploads\/2025\/03\/Domace-krvavice-Rekar.jpg&#8221; alt=&#8221;Doma\u010de krvavice Rekar&#8221; title_text=&#8221;Doma\u010de krvavice Rekar&#8221; _builder_version=&#8221;4.27.0&#8243; animation_style=&#8221;slide&#8221; animation_direction=&#8221;right&#8221; animation_intensity_slide=&#8221;10%&#8221; always_center_on_mobile=&#8221;off&#8221; global_colors_info=&#8221;{}&#8221;][\/et_pb_image][\/et_pb_column][et_pb_column type=&#8221;1_2&#8243; _builder_version=&#8221;4.16&#8243; background_position=&#8221;top_left&#8221; custom_padding=&#8221;60px|||&#8221; global_colors_info=&#8221;{}&#8221; custom_padding__hover=&#8221;|||&#8221;][et_pb_divider show_divider=&#8221;off&#8221; _builder_version=&#8221;4.16&#8243; max_width=&#8221;60px&#8221; module_alignment=&#8221;left&#8221; custom_margin=&#8221;||10px|&#8221; saved_tabs=&#8221;all&#8221; locked=&#8221;off&#8221; global_colors_info=&#8221;{}&#8221;][\/et_pb_divider][et_pb_text disabled_on=&#8221;on|on|off&#8221; _builder_version=&#8221;4.27.4&#8243; text_font=&#8221;||||||||&#8221; header_font=&#8221;||||||||&#8221; header_text_color=&#8221;#BF1E2E&#8221; header_2_font=&#8221;|300||on|||||&#8221; header_2_text_color=&#8221;#000000&#8243; header_2_font_size=&#8221;40px&#8221; header_2_line_height=&#8221;1.3em&#8221; background_size=&#8221;initial&#8221; background_position=&#8221;top_left&#8221; background_repeat=&#8221;repeat&#8221; custom_margin=&#8221;-24px||10px|||&#8221; hover_enabled=&#8221;0&#8243; global_colors_info=&#8221;{}&#8221; header_font_size__hover=&#8221;30px&#8221; header_font_size__hover_enabled=&#8221;30px&#8221; header_letter_spacing__hover=&#8221;0px&#8221; header_letter_spacing__hover_enabled=&#8221;0px&#8221; header_text_shadow_style__hover=&#8221;none&#8221; header_text_shadow_style__hover_enabled=&#8221;none&#8221; header_text_shadow_color__hover=&#8221;rgba(0,0,0,0.4)&#8221; header_text_shadow_color__hover_enabled=&#8221;rgba(0,0,0,0.4)&#8221; sticky_enabled=&#8221;0&#8243;]<\/p>\n<h2>Unsere Geschichte, unsere Anf\u00e4nge<\/h2>\n<p>[\/et_pb_text][et_pb_text _builder_version=&#8221;4.27.4&#8243; text_font=&#8221;&#8211;et_global_heading_font||||||||&#8221; text_text_color=&#8221;#5e5e5e&#8221; text_line_height=&#8221;1.8em&#8221; header_font=&#8221;||||&#8221; background_size=&#8221;initial&#8221; background_position=&#8221;top_left&#8221; background_repeat=&#8221;repeat&#8221; max_width=&#8221;700px&#8221; animation_style=&#8221;slide&#8221; animation_direction=&#8221;top&#8221; animation_intensity_slide=&#8221;4%&#8221; hover_enabled=&#8221;0&#8243; global_colors_info=&#8221;{}&#8221; sticky_enabled=&#8221;0&#8243;]<\/p>\n<p style=\"text-align: justify;\"><strong data-start=\"0\" data-end=\"53\" data-is-only-node=\"\">Unsere Geschichte reicht zur\u00fcck bis ins Jahr 1958<\/strong>, als Vater Ivan und Mutter Cilka in Duplje, im Herzen der Region Gorenjska, mit ihrer ersten gastronomischen T\u00e4tigkeit begannen. Drei Jahre sp\u00e4ter er\u00f6ffneten sie das erste Gasthaus an unserem heutigen Standort. Es war ein einfaches, bodenst\u00e4ndiges Wirtshaus, in dem sie ihren G\u00e4sten traditionelle Hausmannskost servierten \u2013 Blutwurst, Bratw\u00fcrste, luftgetrocknete Salami und W\u00fcrste, Schmalzaufstrich, S\u00fclze, Leber, Hirn mit Ei und vieles mehr.<\/p>\n<p>[\/et_pb_text][\/et_pb_column][\/et_pb_row][et_pb_row column_structure=&#8221;1_2,1_2&#8243; _builder_version=&#8221;4.27.0&#8243; _module_preset=&#8221;default&#8221; width=&#8221;90%&#8221; max_width=&#8221;1500px&#8221; custom_padding=&#8221;1px||4px|||&#8221; global_colors_info=&#8221;{}&#8221;][et_pb_column type=&#8221;1_2&#8243; _builder_version=&#8221;4.27.0&#8243; _module_preset=&#8221;default&#8221; global_colors_info=&#8221;{}&#8221;][et_pb_text _builder_version=&#8221;4.27.4&#8243; _module_preset=&#8221;default&#8221; text_font=&#8221;||||||||&#8221; text_text_color=&#8221;#5e5e5e&#8221; custom_margin=&#8221;124px|||||&#8221; hover_enabled=&#8221;0&#8243; global_colors_info=&#8221;{}&#8221; sticky_enabled=&#8221;0&#8243;]<\/p>\n<p data-start=\"0\" data-end=\"303\" style=\"text-align: justify;\">Die Anf\u00e4nge waren alles andere als einfach \u2013 bis das Gasthaus zu dem wurde, was es heute ist, waren unz\u00e4hlige Stunden harter Arbeit und viele schlaflose N\u00e4chte n\u00f6tig. Vater Ivan hat fast alle Lebensmittel selbst angebaut und produziert. Oft mussten nachts noch Schweineschlachtungen durchgef\u00fchrt werden.<\/p>\n<p data-start=\"305\" data-end=\"569\" data-is-last-node=\"\" data-is-only-node=\"\" style=\"text-align: justify;\">Die M\u00fche hat sich jedoch gelohnt: Schon bald wurde das Gasthaus bekannt. Neben den einheimischen Feuerwehrleuten, Polizisten und Arbeitern aus den umliegenden Fabriken kehrten auch hochrangige Funktion\u00e4re und G\u00e4ste aus der weiteren Umgebung regelm\u00e4\u00dfig bei uns ein.<\/p>\n<p>[\/et_pb_text][\/et_pb_column][et_pb_column type=&#8221;1_2&#8243; _builder_version=&#8221;4.27.0&#8243; _module_preset=&#8221;default&#8221; global_colors_info=&#8221;{}&#8221;][et_pb_image src=&#8221;https:\/\/gostilnarekar.si\/de\/wp-content\/uploads\/2025\/03\/gostilna-rekar-o-nas-kopija.jpg&#8221; alt=&#8221;gostilna-rekar-o-nas&#8221; title_text=&#8221;gostilna-rekar-o-nas kopija&#8221; _builder_version=&#8221;4.27.0&#8243; animation_style=&#8221;slide&#8221; animation_direction=&#8221;right&#8221; animation_intensity_slide=&#8221;10%&#8221; always_center_on_mobile=&#8221;off&#8221; global_colors_info=&#8221;{}&#8221;][\/et_pb_image][\/et_pb_column][\/et_pb_row][et_pb_row _builder_version=&#8221;4.27.4&#8243; _module_preset=&#8221;default&#8221; custom_margin=&#8221;22px|auto||auto||&#8221; hover_enabled=&#8221;0&#8243; global_colors_info=&#8221;{}&#8221; width=&#8221;90%&#8221; max_width=&#8221;2000px&#8221; sticky_enabled=&#8221;0&#8243;][et_pb_column type=&#8221;4_4&#8243; _builder_version=&#8221;4.27.0&#8243; _module_preset=&#8221;default&#8221; global_colors_info=&#8221;{}&#8221;][et_pb_text _builder_version=&#8221;4.27.4&#8243; _module_preset=&#8221;default&#8221; header_2_font=&#8221;|300|||||||&#8221; header_2_text_color=&#8221;#000000&#8243; header_2_font_size=&#8221;40px&#8221; hover_enabled=&#8221;0&#8243; global_colors_info=&#8221;{}&#8221; sticky_enabled=&#8221;0&#8243;]<\/p>\n<article class=\"text-token-text-primary w-full\" dir=\"auto\" data-testid=\"conversation-turn-171\" data-scroll-anchor=\"true\">\n<div class=\"text-base my-auto mx-auto py-5 [--thread-content-margin:--spacing(4)] @[37rem]:[--thread-content-margin:--spacing(6)] @[72rem]:[--thread-content-margin:--spacing(16)] px-(--thread-content-margin)\">\n<div class=\"[--thread-content-max-width:32rem] @[34rem]:[--thread-content-max-width:40rem] @[64rem]:[--thread-content-max-width:48rem] mx-auto flex max-w-(--thread-content-max-width) flex-1 text-base gap-4 md:gap-5 lg:gap-6 group\/turn-messages focus-visible:outline-hidden\" tabindex=\"-1\">\n<div class=\"group\/conversation-turn relative flex w-full min-w-0 flex-col agent-turn\">\n<div class=\"relative flex-col gap-1 md:gap-3\">\n<div class=\"flex max-w-full flex-col grow\">\n<div data-message-author-role=\"assistant\" data-message-id=\"aafc9e0a-ac98-41e4-a7d2-720f5c859ad7\" dir=\"auto\" class=\"min-h-8 text-message relative flex w-full flex-col items-end gap-2 text-start break-words whitespace-normal [.text-message+&amp;]:mt-5\" data-message-model-slug=\"gpt-4o\">\n<div class=\"flex w-full flex-col gap-1 empty:hidden first:pt-[3px]\">\n<div class=\"markdown prose dark:prose-invert w-full break-words light\">\n<h2 data-start=\"0\" data-end=\"81\">Mit Hilfe der Familienmitglieder verbreitete sich der Ruf des Gasthauses schnell.<\/h2>\n<\/div>\n<\/div>\n<\/div>\n<\/div>\n<div class=\"flex min-h-[46px] justify-start\">\n<div class=\"touch:-me-2 touch:-ms-3.5 -ms-2.5 -me-1 flex flex-wrap items-center gap-y-4 p-1 select-none touch:w-[calc(100%+--spacing(3.5))] -mt-1 w-[calc(100%+--spacing(2.5))] duration-[1.5s] focus-within:transition-none hover:transition-none pointer-events-none [mask-image:linear-gradient(to_right,black_33%,transparent_66%)] [mask-size:300%_100%] [mask-position:100%_0%] motion-safe:transition-[mask-position] group-hover\/turn-messages:pointer-events-auto group-hover\/turn-messages:[mask-position:0_0] group-focus-within\/turn-messages:pointer-events-auto group-focus-within\/turn-messages:[mask-position:0_0] has-data-[state=open]:pointer-events-auto has-data-[state=open]:[mask-position:0_0]\"><\/div>\n<\/div>\n<div class=\"mt-3 w-full empty:hidden\">\n<div class=\"text-center\"><\/div>\n<\/div>\n<\/div>\n<\/div>\n<\/div>\n<\/div>\n<\/article>\n<div aria-hidden=\"true\" data-edge=\"true\" class=\"pointer-events-none h-px w-px\"><\/div>\n<p>[\/et_pb_text][\/et_pb_column][\/et_pb_row][et_pb_row column_structure=&#8221;1_2,1_2&#8243; _builder_version=&#8221;4.27.0&#8243; _module_preset=&#8221;default&#8221; width=&#8221;90%&#8221; max_width=&#8221;1500px&#8221; custom_margin=&#8221;17px|auto||auto||&#8221; custom_padding=&#8221;1px||0px|||&#8221; global_colors_info=&#8221;{}&#8221;][et_pb_column type=&#8221;1_2&#8243; _builder_version=&#8221;4.27.0&#8243; _module_preset=&#8221;default&#8221; global_colors_info=&#8221;{}&#8221;][et_pb_image src=&#8221;https:\/\/gostilnarekar.si\/de\/wp-content\/uploads\/2025\/03\/gostilna_rekar_9273-1.jpg&#8221; alt=&#8221;gostilna-rekar-o-nas&#8221; title_text=&#8221;gostilna_rekar_9273-1&#8243; _builder_version=&#8221;4.27.0&#8243; animation_style=&#8221;slide&#8221; animation_direction=&#8221;right&#8221; animation_intensity_slide=&#8221;10%&#8221; always_center_on_mobile=&#8221;off&#8221; global_colors_info=&#8221;{}&#8221;][\/et_pb_image][\/et_pb_column][et_pb_column type=&#8221;1_2&#8243; _builder_version=&#8221;4.27.0&#8243; _module_preset=&#8221;default&#8221; global_colors_info=&#8221;{}&#8221;][et_pb_text _builder_version=&#8221;4.27.4&#8243; _module_preset=&#8221;default&#8221; text_font=&#8221;||||||||&#8221; text_text_color=&#8221;#5e5e5e&#8221; custom_margin=&#8221;79px|||||&#8221; hover_enabled=&#8221;0&#8243; global_colors_info=&#8221;{}&#8221; sticky_enabled=&#8221;0&#8243;]<\/p>\n<p style=\"text-align: justify;\">Vater Janez erinnert sich noch heute mit einem L\u00e4cheln daran, wie er als Kind nach der Schule in der Gastst\u00e4tte aushalf und die G\u00e4ste bediente \u2013 obwohl er damals kaum \u00fcber den Tisch hinaussah. Im Jahr 1990 \u00fcbernahm er gemeinsam mit seiner Frau Nada die F\u00fchrung des Gasthauses und erweiterte das Angebot erheblich. Heute servieren wir neben den traditionellen Gerichten, wie sie bereits die Gro\u00dfeltern zubereiteten, auch eine gro\u00dfe Auswahl an Schnitzeln, vegetarischen Speisen, Fischgerichten und Wild.<\/p>\n<p>[\/et_pb_text][et_pb_text _builder_version=&#8221;4.27.4&#8243; _module_preset=&#8221;default&#8221; header_2_font=&#8221;|300|||||||&#8221; header_2_text_color=&#8221;#000000&#8243; header_2_font_size=&#8221;40px&#8221; custom_margin=&#8221;48px||24px|||&#8221; hover_enabled=&#8221;0&#8243; global_colors_info=&#8221;{}&#8221; sticky_enabled=&#8221;0&#8243;]<\/p>\n<h2 style=\"text-align: center;\">Moderner Ansatz mit einem Hauch von Tradition<\/h2>\n<p>[\/et_pb_text][\/et_pb_column][\/et_pb_row][et_pb_row column_structure=&#8221;1_2,1_2&#8243; _builder_version=&#8221;4.27.0&#8243; _module_preset=&#8221;default&#8221; width=&#8221;90%&#8221; max_width=&#8221;1500px&#8221; custom_padding=&#8221;1px||4px|||&#8221; global_colors_info=&#8221;{}&#8221;][et_pb_column type=&#8221;1_2&#8243; _builder_version=&#8221;4.27.0&#8243; _module_preset=&#8221;default&#8221; global_colors_info=&#8221;{}&#8221;][et_pb_text _builder_version=&#8221;4.27.4&#8243; _module_preset=&#8221;default&#8221; text_font=&#8221;||||||||&#8221; text_text_color=&#8221;#5e5e5e&#8221; header_font=&#8221;Great Vibes||||||||&#8221; header_text_color=&#8221;#000000&#8243; custom_margin=&#8221;26px|||||&#8221; hover_enabled=&#8221;0&#8243; global_colors_info=&#8221;{}&#8221; sticky_enabled=&#8221;0&#8243;]<\/p>\n<p data-start=\"0\" data-end=\"550\" style=\"text-align: justify;\">Wie mein Vater bin auch ich seit meiner Kindheit tief mit der Gastronomie verbunden. Im Jahr 2018 habe ich die Leitung des Gasthauses \u00fcbernommen. Neben der kontinuierlichen Weiterentwicklung im Einklang mit modernen kulinarischen Trends ist es mein Ziel, h\u00f6chste Qualit\u00e4t zu wahren und die Herzlichkeit unseres Hauses zu bewahren. Deshalb werden wir auch k\u00fcnftig neben modernen Gerichten weiterhin authentische, traditionelle Speisen anbieten \u2013 Eint\u00f6pfe, Buchweizensterz, Gnocchi, \u0160truklji, Kroketten &#8230; all das bereiten wir nat\u00fcrlich selbst zu.<\/p>\n<p data-start=\"552\" data-end=\"1283\" style=\"text-align: justify;\">Unser oberstes Gebot ist hochwertig zubereitetes Essen. Die meisten Zutaten beziehen wir von lokalen Bauern \u2013 R\u00fcben, Kraut, Kartoffeln, Eier, Mehl &#8230; \u2013, aus denen wir k\u00f6stliche Gerichte zaubern, die den Gaumen verw\u00f6hnen. Auch der Gro\u00dfteil unseres Fleisches, Wilds und Fischs stammt aus slowenischer Herkunft. In unserem Angebot finden sich hausgemachte Torten, Cake Pops, Brownies, Schokoladenmousse, Panna Cotta, s\u00fc\u00dfe Fantasien \u2026 Besonders stolz sind wir auf unsere hausgemachten Torten, die weit \u00fcber die Region hinaus bekannt sind. Gerade diese Desserts haben uns den Weg zu neuen Aktivit\u00e4ten er\u00f6ffnet \u2013 unsere hauseigene B\u00e4ckerei ist gewachsen, und daraus hat sich die Marke \u00bbDoma\u010de pite\u00ab (Hausgemachte Torten) entwickelt.<\/p>\n<p data-start=\"1285\" data-end=\"1705\" style=\"text-align: justify;\">Die T\u00e4tigkeit, die uns die T\u00fcr zur weiten Welt ge\u00f6ffnet hat, ist das Catering. Heute bieten wir Catering-Dienstleistungen auf h\u00f6chstem Niveau f\u00fcr anspruchsvollste Kunden an \u2013 sei es f\u00fcr offizielle, gesch\u00e4ftliche oder private Veranstaltungen, Hochzeiten, Feste oder Feiern. Wir bereiten Caterings f\u00fcr Gruppen von 20 bis zu 800 G\u00e4sten vor und verw\u00f6hnen unsere Kunden in ganz Slowenien mit stets herausragendem Service.<\/p>\n<p data-start=\"1707\" data-end=\"2233\" style=\"text-align: justify;\">Unsere Geschichte ist heute also bereits sehr facettenreich, doch unser Leitsatz bleibt einfach: Hochwertiges Essen und freundlicher Service stehen weiterhin im Mittelpunkt all unserer Bem\u00fchungen. Das lebe ich selbst \u2013 und das leben auch alle, die Teil unserer Gasthaus-Geschichte sind. Es freut mich, dass unsere G\u00e4ste das zu sch\u00e4tzen wissen und immer wieder zur\u00fcckkehren. Unsere Beziehungen reichen \u00fcber das Gesch\u00e4ftliche hinaus \u2013 und so begr\u00fc\u00dfe ich sie gerne aufs Neue: Willkommen zur\u00fcck in unserem Haus, liebe Freunde.<\/p>\n<h1 style=\"text-align: justify;\">Nejc Rekar<\/h1>\n<p>[\/et_pb_text][\/et_pb_column][et_pb_column type=&#8221;1_2&#8243; _builder_version=&#8221;4.27.0&#8243; _module_preset=&#8221;default&#8221; global_colors_info=&#8221;{}&#8221;][et_pb_image src=&#8221;https:\/\/gostilnarekar.si\/de\/wp-content\/uploads\/2025\/03\/Nejc-rekar.jpg&#8221; alt=&#8221;gostilna-rekar-o-nas&#8221; title_text=&#8221;Nejc rekar&#8221; _builder_version=&#8221;4.27.0&#8243; animation_style=&#8221;slide&#8221; animation_direction=&#8221;right&#8221; animation_intensity_slide=&#8221;10%&#8221; always_center_on_mobile=&#8221;off&#8221; global_colors_info=&#8221;{}&#8221; custom_margin=&#8221;19px|||||&#8221;][\/et_pb_image][\/et_pb_column][\/et_pb_row][et_pb_row column_structure=&#8221;1_2,1_2&#8243; _builder_version=&#8221;4.27.0&#8243; _module_preset=&#8221;default&#8221; width=&#8221;90%&#8221; max_width=&#8221;1500px&#8221; custom_margin=&#8221;0px|auto||auto||&#8221; custom_padding=&#8221;29px|||||&#8221; global_colors_info=&#8221;{}&#8221;][et_pb_column type=&#8221;1_2&#8243; _builder_version=&#8221;4.27.0&#8243; _module_preset=&#8221;default&#8221; global_colors_info=&#8221;{}&#8221;][et_pb_image src=&#8221;https:\/\/gostilnarekar.si\/de\/wp-content\/uploads\/2025\/03\/Black-angus-govedina.jpg&#8221; alt=&#8221;Black angus govedina&#8221; title_text=&#8221;Black angus govedina&#8221; _builder_version=&#8221;4.27.0&#8243; _module_preset=&#8221;default&#8221; global_colors_info=&#8221;{}&#8221;][\/et_pb_image][\/et_pb_column][et_pb_column type=&#8221;1_2&#8243; _builder_version=&#8221;4.27.0&#8243; _module_preset=&#8221;default&#8221; global_colors_info=&#8221;{}&#8221;][et_pb_image src=&#8221;https:\/\/gostilnarekar.si\/de\/wp-content\/uploads\/2025\/03\/Domace-pite-Rekar-768&#215;512-1.jpg&#8221; alt=&#8221;Domace-pite-Rekar&#8221; title_text=&#8221;Domace-pite-Rekar-768&#215;512&#8243; _builder_version=&#8221;4.27.0&#8243; _module_preset=&#8221;default&#8221; global_colors_info=&#8221;{}&#8221;][\/et_pb_image][\/et_pb_column][\/et_pb_row][et_pb_row _builder_version=&#8221;4.27.0&#8243; _module_preset=&#8221;default&#8221; custom_padding=&#8221;48px|||||&#8221; global_colors_info=&#8221;{}&#8221;][et_pb_column type=&#8221;4_4&#8243; _builder_version=&#8221;4.27.0&#8243; _module_preset=&#8221;default&#8221; global_colors_info=&#8221;{}&#8221;][et_pb_button button_url=&#8221;https:\/\/gostilnarekar.si\/de\/kontakt\/&#8221; url_new_window=&#8221;on&#8221; button_text=&#8221;RESERVIERE DEINEN TISCH&#8221; button_alignment=&#8221;center&#8221; _builder_version=&#8221;4.27.4&#8243; _module_preset=&#8221;default&#8221; custom_button=&#8221;on&#8221; button_text_color=&#8221;#FFFFFF&#8221; button_bg_color=&#8221;#000000&#8243; button_border_width=&#8221;5px&#8221; button_border_color=&#8221;#000000&#8243; button_border_radius=&#8221;2px&#8221; hover_enabled=&#8221;0&#8243; global_colors_info=&#8221;{}&#8221; sticky_enabled=&#8221;0&#8243;][\/et_pb_button][\/et_pb_column][\/et_pb_row][\/et_pb_section]<\/p>\n","protected":false},"excerpt":{"rendered":"<p>Wie mein Vater bin auch ich seit meiner Kindheit in der Gastronomie t\u00e4tig. Ich gebe zu, manchmal ist es schwer \u2013 aber wenn ich die Zufriedenheit unserer G\u00e4ste sehe, ist alle M\u00fche vergessen. Nejc RekarUnsere Geschichte, unsere Anf\u00e4ngeUnsere Geschichte reicht zur\u00fcck bis ins Jahr 1958, als Vater Ivan und Mutter Cilka in Duplje, im Herzen [&hellip;]<\/p>\n","protected":false},"author":1,"featured_media":33,"parent":0,"menu_order":0,"comment_status":"closed","ping_status":"closed","template":"","meta":{"_et_pb_use_builder":"on","_et_pb_old_content":"","_et_gb_content_width":"","footnotes":""},"class_list":["post-37","page","type-page","status-publish","has-post-thumbnail","hentry"],"_links":{"self":[{"href":"https:\/\/gostilnarekar.si\/de\/wp-json\/wp\/v2\/pages\/37","targetHints":{"allow":["GET"]}}],"collection":[{"href":"https:\/\/gostilnarekar.si\/de\/wp-json\/wp\/v2\/pages"}],"about":[{"href":"https:\/\/gostilnarekar.si\/de\/wp-json\/wp\/v2\/types\/page"}],"author":[{"embeddable":true,"href":"https:\/\/gostilnarekar.si\/de\/wp-json\/wp\/v2\/users\/1"}],"replies":[{"embeddable":true,"href":"https:\/\/gostilnarekar.si\/de\/wp-json\/wp\/v2\/comments?post=37"}],"version-history":[{"count":19,"href":"https:\/\/gostilnarekar.si\/de\/wp-json\/wp\/v2\/pages\/37\/revisions"}],"predecessor-version":[{"id":326,"href":"https:\/\/gostilnarekar.si\/de\/wp-json\/wp\/v2\/pages\/37\/revisions\/326"}],"wp:featuredmedia":[{"embeddable":true,"href":"https:\/\/gostilnarekar.si\/de\/wp-json\/wp\/v2\/media\/33"}],"wp:attachment":[{"href":"https:\/\/gostilnarekar.si\/de\/wp-json\/wp\/v2\/media?parent=37"}],"curies":[{"name":"wp","href":"https:\/\/api.w.org\/{rel}","templated":true}]}}