{"id":75,"date":"2025-03-26T16:09:32","date_gmt":"2025-03-26T16:09:32","guid":{"rendered":"https:\/\/gostilnarekar.si\/de\/?page_id=75"},"modified":"2025-06-18T09:42:02","modified_gmt":"2025-06-18T09:42:02","slug":"essenlieferung","status":"publish","type":"page","link":"https:\/\/gostilnarekar.si\/de\/essenlieferung\/","title":{"rendered":"Essenlieferung"},"content":{"rendered":"<p>[et_pb_section fb_built=&#8221;1&#8243; fullwidth=&#8221;on&#8221; disabled_on=&#8221;off|off|off&#8221; admin_label=&#8221;Hero&#8221; _builder_version=&#8221;4.27.0&#8243; background_color=&#8221;#1f1f1f&#8221; parallax=&#8221;on&#8221; custom_padding=&#8221;|||&#8221; transparent_background=&#8221;on&#8221; global_colors_info=&#8221;{}&#8221;][et_pb_fullwidth_header title=&#8221;Essenlieferung&#8221; text_orientation=&#8221;center&#8221; background_overlay_color=&#8221;rgba(31,31,31,0.85)&#8221; subhead_font_color=&#8221;#bebebe&#8221; title_tablet=&#8221;Zaklju\u010dene dru\u017ebe&#8221; title_phone=&#8221;Zaklju\u010dene dru\u017ebe&#8221; title_last_edited=&#8221;off|tablet&#8221; _builder_version=&#8221;4.27.4&#8243; title_font=&#8221;&#8211;et_global_heading_font|300||on|||||&#8221; title_text_color=&#8221;#ffffff&#8221; title_font_size=&#8221;50px&#8221; title_line_height=&#8221;1.3em&#8221; content_font=&#8221;&#8211;et_global_heading_font||||||||&#8221; content_text_color=&#8221;#bfbfbf&#8221; content_line_height=&#8221;1.8em&#8221; subhead_font=&#8221;Montserrat||||&#8221; subhead_text_color=&#8221;#bebebe&#8221; subhead_line_height=&#8221;1.8em&#8221; background_color=&#8221;rgba(255, 255, 255, 0)&#8221; background_image=&#8221;https:\/\/gostilnarekar.si\/de\/wp-content\/uploads\/2025\/03\/Dostava-hrane-Rekar.jpg&#8221; parallax=&#8221;on&#8221; parallax_method=&#8221;on&#8221; custom_padding=&#8221;5%||5%|&#8221; animation_style=&#8221;zoom&#8221; animation_duration=&#8221;1500ms&#8221; animation_intensity_zoom=&#8221;4%&#8221; hover_enabled=&#8221;0&#8243; title_line_height_last_edited=&#8221;off|desktop&#8221; global_colors_info=&#8221;{}&#8221; button_one_text_size__hover_enabled=&#8221;off&#8221; button_two_text_size__hover_enabled=&#8221;off&#8221; button_one_text_color__hover_enabled=&#8221;off&#8221; button_two_text_color__hover_enabled=&#8221;off&#8221; button_one_border_width__hover_enabled=&#8221;off&#8221; button_two_border_width__hover_enabled=&#8221;off&#8221; button_one_border_color__hover_enabled=&#8221;off&#8221; button_two_border_color__hover_enabled=&#8221;off&#8221; button_one_border_radius__hover_enabled=&#8221;off&#8221; button_two_border_radius__hover_enabled=&#8221;off&#8221; button_one_letter_spacing__hover_enabled=&#8221;off&#8221; button_two_letter_spacing__hover_enabled=&#8221;off&#8221; button_one_bg_color__hover_enabled=&#8221;off&#8221; button_two_bg_color__hover_enabled=&#8221;off&#8221; sticky_enabled=&#8221;0&#8243;]<\/p>\n<p style=\"text-align: center;\">Genie\u00dfen Sie unsere sorgf\u00e4ltig zubereiteten Gerichte, die wir schnell direkt bis zu Ihrer Haust\u00fcr liefern.<\/p>\n<p>[\/et_pb_fullwidth_header][\/et_pb_section][et_pb_section fb_built=&#8221;1&#8243; admin_label=&#8221;Our Story&#8221; _builder_version=&#8221;4.16&#8243; background_color=&#8221;#ffffff&#8221; background_position=&#8221;top_left&#8221; custom_padding=&#8221;13px|0px|58px|0px||&#8221; collapsed=&#8221;off&#8221; global_colors_info=&#8221;{}&#8221;][et_pb_row _builder_version=&#8221;4.27.0&#8243; background_size=&#8221;initial&#8221; background_position=&#8221;top_left&#8221; background_repeat=&#8221;repeat&#8221; width=&#8221;90%&#8221; max_width=&#8221;1500px&#8221; custom_margin=&#8221;|auto|22px|auto||&#8221; custom_padding=&#8221;4px||5px|||&#8221; global_colors_info=&#8221;{}&#8221;][et_pb_column type=&#8221;4_4&#8243; _builder_version=&#8221;4.16&#8243; background_position=&#8221;top_left&#8221; custom_padding=&#8221;|||&#8221; global_colors_info=&#8221;{}&#8221; custom_padding__hover=&#8221;|||&#8221;][et_pb_divider show_divider=&#8221;off&#8221; _builder_version=&#8221;4.16&#8243; max_width=&#8221;60px&#8221; module_alignment=&#8221;left&#8221; custom_margin=&#8221;||10px|&#8221; saved_tabs=&#8221;all&#8221; locked=&#8221;off&#8221; global_colors_info=&#8221;{}&#8221;][\/et_pb_divider][et_pb_text disabled_on=&#8221;on|on|off&#8221; _builder_version=&#8221;4.27.4&#8243; text_font=&#8221;||||||||&#8221; header_font=&#8221;|300||on|||||&#8221; header_2_font=&#8221;|300||on|||||&#8221; header_2_text_color=&#8221;#000000&#8243; header_2_font_size=&#8221;40px&#8221; header_2_line_height=&#8221;1.3em&#8221; background_size=&#8221;initial&#8221; background_position=&#8221;top_left&#8221; background_repeat=&#8221;repeat&#8221; custom_margin=&#8221;5px||10px|||&#8221; hover_enabled=&#8221;0&#8243; global_colors_info=&#8221;{}&#8221; header_font_size__hover=&#8221;30px&#8221; header_font_size__hover_enabled=&#8221;30px&#8221; header_letter_spacing__hover=&#8221;0px&#8221; header_letter_spacing__hover_enabled=&#8221;0px&#8221; header_text_shadow_style__hover=&#8221;none&#8221; header_text_shadow_style__hover_enabled=&#8221;none&#8221; header_text_shadow_color__hover=&#8221;rgba(0,0,0,0.4)&#8221; header_text_shadow_color__hover_enabled=&#8221;rgba(0,0,0,0.4)&#8221; sticky_enabled=&#8221;0&#8243;]<\/p>\n<h1 class=\"et_pb_module_header et-fb-editable-element et-fb-editable-element__editing\" data-shortcode-id=\"0.0-1750238853553\" data-quickaccess-id=\"title\" contenteditable=\"true\" style=\"text-align: center;\">Essenlieferung<\/h1>\n<p>[\/et_pb_text][et_pb_text _builder_version=&#8221;4.27.4&#8243; text_font=&#8221;&#8211;et_global_heading_font||||||||&#8221; text_text_color=&#8221;#5e5e5e&#8221; text_line_height=&#8221;1.8em&#8221; header_font=&#8221;||||&#8221; background_size=&#8221;initial&#8221; background_position=&#8221;top_left&#8221; background_repeat=&#8221;repeat&#8221; max_width=&#8221;2000%&#8221; custom_margin=&#8221;||13px|||&#8221; animation_style=&#8221;slide&#8221; animation_direction=&#8221;top&#8221; animation_intensity_slide=&#8221;4%&#8221; hover_enabled=&#8221;0&#8243; global_colors_info=&#8221;{}&#8221; sticky_enabled=&#8221;0&#8243;]<\/p>\n<p data-start=\"0\" data-end=\"322\" style=\"text-align: justify;\">In unserem Gasthaus bieten wir Ihnen die Lieferung von Speisen direkt zu Ihnen nach Hause oder an Ihre Gesch\u00e4ftsadresse an. Egal, ob Sie ein schnelles Mittagessen, ein Abendessen oder k\u00f6stliche Spezialit\u00e4ten w\u00fcnschen \u2013 wir sorgen daf\u00fcr, dass Sie frische und schmackhafte Gerichte genie\u00dfen, die mit Liebe zubereitet werden.<\/p>\n<p data-start=\"324\" data-end=\"429\" style=\"text-align: justify;\">Bestellen Sie einfach und \u00fcberlassen Sie die Zustellung unserem schnellen und zuverl\u00e4ssigen Lieferdienst.<\/p>\n<p data-start=\"431\" data-end=\"535\" data-is-last-node=\"\" data-is-only-node=\"\" style=\"text-align: center;\">Ihre Mahlzeit kommt bald zu Ihnen, auch wenn Sie nicht zu uns kommen k\u00f6nnen \u2013 sorgenfrei und stressfrei!<\/p>\n<p>[\/et_pb_text][\/et_pb_column][\/et_pb_row][et_pb_row column_structure=&#8221;1_2,1_2&#8243; _builder_version=&#8221;4.27.0&#8243; background_size=&#8221;initial&#8221; background_position=&#8221;top_left&#8221; background_repeat=&#8221;repeat&#8221; width=&#8221;90%&#8221; max_width=&#8221;1500px&#8221; custom_margin=&#8221;|auto|22px|auto||&#8221; custom_padding=&#8221;4px||5px|||&#8221; global_colors_info=&#8221;{}&#8221;][et_pb_column type=&#8221;1_2&#8243; _builder_version=&#8221;4.16&#8243; background_position=&#8221;top_left&#8221; custom_padding=&#8221;|||&#8221; global_colors_info=&#8221;{}&#8221; custom_padding__hover=&#8221;|||&#8221;][et_pb_divider show_divider=&#8221;off&#8221; _builder_version=&#8221;4.16&#8243; max_width=&#8221;60px&#8221; module_alignment=&#8221;left&#8221; custom_margin=&#8221;||10px|&#8221; saved_tabs=&#8221;all&#8221; locked=&#8221;off&#8221; global_colors_info=&#8221;{}&#8221;][\/et_pb_divider][et_pb_text _builder_version=&#8221;4.27.4&#8243; text_font=&#8221;&#8211;et_global_heading_font||||||||&#8221; text_text_color=&#8221;#5e5e5e&#8221; text_line_height=&#8221;1.8em&#8221; header_font=&#8221;||||&#8221; background_size=&#8221;initial&#8221; background_position=&#8221;top_left&#8221; background_repeat=&#8221;repeat&#8221; max_width=&#8221;2000%&#8221; custom_margin=&#8221;-4px||13px|||&#8221; animation_style=&#8221;slide&#8221; animation_direction=&#8221;top&#8221; animation_intensity_slide=&#8221;4%&#8221; hover_enabled=&#8221;0&#8243; global_colors_info=&#8221;{}&#8221; sticky_enabled=&#8221;0&#8243;]<\/p>\n<p data-start=\"0\" data-end=\"21\" style=\"text-align: center;\"><strong>Sie k\u00f6nnen bestellen:<\/strong><\/p>\n<p data-start=\"23\" data-end=\"81\" style=\"text-align: center;\"><strong>Donnerstag &#8211; Freitag<\/strong> (Bestellung \u00fcber Wolt): 11:30 &#8211; 19:30<\/p>\n<p data-start=\"83\" data-end=\"105\" style=\"text-align: center;\"><strong>Samstag<\/strong>: 11:30 &#8211; 20:30<\/p>\n<p data-start=\"107\" data-end=\"129\" style=\"text-align: center;\"><strong>Sonntag<\/strong>: 11:30 &#8211; 17:30<\/p>\n<p data-start=\"131\" data-end=\"215\" style=\"text-align: center;\"><strong>Mittwoch<\/strong>: geschlossen oder nach Vereinbarung<br data-start=\"175\" data-end=\"178\" \/>Ge\u00f6ffnet f\u00fcr Gruppen \u00fcber 30 Personen<\/p>\n<p data-start=\"217\" data-end=\"246\" style=\"text-align: center;\"><strong>Montag, Dienstag<\/strong>: GESCHLOSSEN<\/p>\n<p data-start=\"248\" data-end=\"269\" data-is-last-node=\"\" data-is-only-node=\"\" style=\"text-align: center;\"><strong>Kontakt<\/strong>: 04 235 58 85<\/p>\n<p>[\/et_pb_text][et_pb_text _builder_version=&#8221;4.27.4&#8243; text_font=&#8221;&#8211;et_global_heading_font||||||||&#8221; text_text_color=&#8221;#5e5e5e&#8221; text_line_height=&#8221;1.8em&#8221; header_font=&#8221;||||&#8221; background_size=&#8221;initial&#8221; background_position=&#8221;top_left&#8221; background_repeat=&#8221;repeat&#8221; max_width=&#8221;2000%&#8221; custom_margin=&#8221;40px||13px|||&#8221; animation_style=&#8221;slide&#8221; animation_direction=&#8221;top&#8221; animation_intensity_slide=&#8221;4%&#8221; hover_enabled=&#8221;0&#8243; global_colors_info=&#8221;{}&#8221; sticky_enabled=&#8221;0&#8243;]<\/p>\n<p data-start=\"0\" data-end=\"145\" style=\"text-align: justify;\">Am Donnerstag und Freitag wird die Essenslieferung von Wolt durchgef\u00fchrt.<br data-start=\"73\" data-end=\"76\" \/>F\u00fcr gr\u00f6\u00dfere Bestellungen (ab 100 \u20ac) sorgt unser eigener Lieferdienst.<\/p>\n<p data-start=\"147\" data-end=\"222\" style=\"text-align: justify;\">An Samstagen und Sonntagen liefern sowohl unser Lieferdienst als auch Wolt.<\/p>\n<p data-start=\"224\" data-end=\"347\" data-is-last-node=\"\" data-is-only-node=\"\" style=\"text-align: justify;\">F\u00fcr weitere Informationen oder besondere W\u00fcnsche k\u00f6nnen Sie uns jederzeit kontaktieren. Wir freuen uns auf Ihre Bestellung!<\/p>\n<p>[\/et_pb_text][et_pb_button button_url=&#8221;https:\/\/gostilnarekar.si\/de\/kontakt\/&#8221; url_new_window=&#8221;on&#8221; button_text=&#8221;Send inquiry&#8221; button_alignment=&#8221;center&#8221; _builder_version=&#8221;4.27.4&#8243; _module_preset=&#8221;default&#8221; custom_button=&#8221;on&#8221; button_text_color=&#8221;#FFFFFF&#8221; button_bg_color=&#8221;#000000&#8243; button_border_width=&#8221;5px&#8221; button_border_color=&#8221;#000000&#8243; button_border_radius=&#8221;0px&#8221; custom_margin=&#8221;63px|||||&#8221; hover_enabled=&#8221;0&#8243; global_colors_info=&#8221;{}&#8221; button_font=&#8221;|||on|||||&#8221; sticky_enabled=&#8221;0&#8243;][\/et_pb_button][\/et_pb_column][et_pb_column type=&#8221;1_2&#8243; _builder_version=&#8221;4.16&#8243; background_position=&#8221;top_left&#8221; custom_padding=&#8221;|||&#8221; global_colors_info=&#8221;{}&#8221; custom_padding__hover=&#8221;|||&#8221;][et_pb_image src=&#8221;https:\/\/gostilnarekar.si\/de\/wp-content\/uploads\/2025\/03\/gostilna_rekar_3567.jpg&#8221; title_text=&#8221;gostilna_rekar_3567&#8243; _builder_version=&#8221;4.27.0&#8243; _module_preset=&#8221;default&#8221; global_colors_info=&#8221;{}&#8221;][\/et_pb_image][\/et_pb_column][\/et_pb_row][et_pb_row _builder_version=&#8221;4.27.0&#8243; background_size=&#8221;initial&#8221; background_position=&#8221;top_left&#8221; background_repeat=&#8221;repeat&#8221; width=&#8221;90%&#8221; max_width=&#8221;1500px&#8221; custom_margin=&#8221;|auto|22px|auto||&#8221; custom_padding=&#8221;4px||5px|||&#8221; global_colors_info=&#8221;{}&#8221;][et_pb_column type=&#8221;4_4&#8243; _builder_version=&#8221;4.16&#8243; background_position=&#8221;top_left&#8221; custom_padding=&#8221;|||&#8221; global_colors_info=&#8221;{}&#8221; custom_padding__hover=&#8221;|||&#8221;][et_pb_divider show_divider=&#8221;off&#8221; _builder_version=&#8221;4.16&#8243; max_width=&#8221;60px&#8221; module_alignment=&#8221;left&#8221; custom_margin=&#8221;||10px|&#8221; saved_tabs=&#8221;all&#8221; locked=&#8221;off&#8221; global_colors_info=&#8221;{}&#8221;][\/et_pb_divider][et_pb_text _builder_version=&#8221;4.27.4&#8243; text_font=&#8221;&#8211;et_global_heading_font||||||||&#8221; text_text_color=&#8221;#5e5e5e&#8221; text_line_height=&#8221;1.8em&#8221; header_font=&#8221;||||&#8221; background_size=&#8221;initial&#8221; background_position=&#8221;top_left&#8221; background_repeat=&#8221;repeat&#8221; max_width=&#8221;2000%&#8221; custom_margin=&#8221;||13px|||&#8221; animation_style=&#8221;slide&#8221; animation_direction=&#8221;top&#8221; animation_intensity_slide=&#8221;4%&#8221; hover_enabled=&#8221;0&#8243; global_colors_info=&#8221;{}&#8221; sticky_enabled=&#8221;0&#8243;]<\/p>\n<p data-start=\"44\" data-end=\"222\"><strong data-start=\"44\" data-end=\"60\">PLEASE NOTE:<\/strong><br data-start=\"60\" data-end=\"63\" \/>Due to the optimization of our work processes, the restaurant may close up to an hour earlier than the official closing time. Thank you for your understanding.<\/p>\n<p data-start=\"224\" data-end=\"298\" style=\"text-align: center;\">Tray menu orders from our selection are also available for private events.<\/p>\n<p>[\/et_pb_text][\/et_pb_column][\/et_pb_row][\/et_pb_section]<\/p>\n","protected":false},"excerpt":{"rendered":"<p>Genie\u00dfen Sie unsere sorgf\u00e4ltig zubereiteten Gerichte, die wir schnell direkt bis zu Ihrer Haust\u00fcr liefern.EssenlieferungIn unserem Gasthaus bieten wir Ihnen die Lieferung von Speisen direkt zu Ihnen nach Hause oder an Ihre Gesch\u00e4ftsadresse an. Egal, ob Sie ein schnelles Mittagessen, ein Abendessen oder k\u00f6stliche Spezialit\u00e4ten w\u00fcnschen \u2013 wir sorgen daf\u00fcr, dass Sie frische und schmackhafte [&hellip;]<\/p>\n","protected":false},"author":1,"featured_media":76,"parent":0,"menu_order":0,"comment_status":"closed","ping_status":"closed","template":"","meta":{"_et_pb_use_builder":"on","_et_pb_old_content":"","_et_gb_content_width":"","footnotes":""},"class_list":["post-75","page","type-page","status-publish","has-post-thumbnail","hentry"],"_links":{"self":[{"href":"https:\/\/gostilnarekar.si\/de\/wp-json\/wp\/v2\/pages\/75","targetHints":{"allow":["GET"]}}],"collection":[{"href":"https:\/\/gostilnarekar.si\/de\/wp-json\/wp\/v2\/pages"}],"about":[{"href":"https:\/\/gostilnarekar.si\/de\/wp-json\/wp\/v2\/types\/page"}],"author":[{"embeddable":true,"href":"https:\/\/gostilnarekar.si\/de\/wp-json\/wp\/v2\/users\/1"}],"replies":[{"embeddable":true,"href":"https:\/\/gostilnarekar.si\/de\/wp-json\/wp\/v2\/comments?post=75"}],"version-history":[{"count":15,"href":"https:\/\/gostilnarekar.si\/de\/wp-json\/wp\/v2\/pages\/75\/revisions"}],"predecessor-version":[{"id":340,"href":"https:\/\/gostilnarekar.si\/de\/wp-json\/wp\/v2\/pages\/75\/revisions\/340"}],"wp:featuredmedia":[{"embeddable":true,"href":"https:\/\/gostilnarekar.si\/de\/wp-json\/wp\/v2\/media\/76"}],"wp:attachment":[{"href":"https:\/\/gostilnarekar.si\/de\/wp-json\/wp\/v2\/media?parent=75"}],"curies":[{"name":"wp","href":"https:\/\/api.w.org\/{rel}","templated":true}]}}